{"id":175,"date":"2012-12-26T21:05:56","date_gmt":"2012-12-26T20:05:56","guid":{"rendered":"https:\/\/www.scouts-cugnaux.org\/?page_id=175"},"modified":"2013-11-21T23:16:45","modified_gmt":"2013-11-21T22:16:45","slug":"a-chacun-sa-tranche-dage","status":"publish","type":"page","link":"https:\/\/www.scouts-cugnaux.org\/?page_id=175","title":{"rendered":"pour tous les \u00e2ges!"},"content":{"rendered":"<p>Chez les Scouts et Guides de France, les jeunes sont r\u00e9partis en \u00ab\u00a0branches\u00a0\u00bb. A chaque branche est associ\u00e9e une p\u00e9dagogie particuli\u00e8re qui prend en compte les besoins de chacun. Ainsi, on peut y d\u00e9couvrir :<\/p>\n<ul>\n<li><span style=\"color: #00ff00;\"><strong><a title=\"6-8 ans : les Farfadets\" href=\"https:\/\/www.scouts-cugnaux.org\/?page_id=16\"><span style=\"color: #00ff00;\">Les Farfadets (6-8 ans)<\/span><\/a><\/strong><\/span><\/li>\n<li><span style=\"color: #ff4500;\"><strong><a title=\"8-11 ans : les Louveteaux\/Jeannettes\" href=\"https:\/\/www.scouts-cugnaux.org\/?page_id=20\"><span style=\"color: #ff4500;\">Les Louveteaux et les Jeannettes (8-11 ans)<\/span><\/a><\/strong><\/span><\/li>\n<li><span style=\"color: #0000ff;\"><strong><a title=\"11-14 Scouts\" href=\"https:\/\/www.scouts-cugnaux.org\/?page_id=23\"><span style=\"color: #0000ff;\">Les Scouts et Guides (11-14 ans)<\/span><\/a><\/strong><\/span><\/li>\n<li><span style=\"color: #ff0000;\"><strong><a title=\"14-18 Pionniers\" href=\"https:\/\/www.scouts-cugnaux.org\/?page_id=25\"><span style=\"color: #ff0000;\">Les Pionniers et Caravelles (14-17ans)<\/span><\/a><\/strong><\/span><\/li>\n<li><span style=\"color: #008000;\"><strong><a title=\"18-21 Compagnons\" href=\"https:\/\/www.scouts-cugnaux.org\/?page_id=27\"><span style=\"color: #008000;\">Les Compagnons (17-20 ans)<\/span><\/a><\/strong><\/span><\/li>\n<li><strong><a title=\"Et apr\u00e8s ?\" href=\"https:\/\/www.scouts-cugnaux.org\/?page_id=184\"><span style=\"color: #000000;\">Et apr\u00e8s ?<\/span> <span style=\"color: #800080;\">L&rsquo;\u00e9quipe de Groupe (d\u00e8s 17 ans)<\/span> <span style=\"color: #000000;\">compos\u00e9e de chefs et cheftaines, responsable, tr\u00e9sorier&#8230;<\/span><\/a><\/strong><\/li>\n<\/ul>\n","protected":false},"excerpt":{"rendered":"<p>Chez les Scouts et Guides de France, les jeunes sont r\u00e9partis en \u00ab\u00a0branches\u00a0\u00bb. A chaque branche est associ\u00e9e une p\u00e9dagogie particuli\u00e8re qui prend en compte les besoins de chacun. Ainsi, on peut y d\u00e9couvrir : Les Farfadets (6-8 ans) Les Louveteaux et les Jeannettes (8-11 ans) Les Scouts et Guides (11-14 ans) Les Pionniers et [&hellip;]<\/p>\n","protected":false},"author":1,"featured_media":0,"parent":0,"menu_order":6,"comment_status":"open","ping_status":"open","template":"","meta":{"ngg_post_thumbnail":0},"_links":{"self":[{"href":"https:\/\/www.scouts-cugnaux.org\/index.php?rest_route=\/wp\/v2\/pages\/175"}],"collection":[{"href":"https:\/\/www.scouts-cugnaux.org\/index.php?rest_route=\/wp\/v2\/pages"}],"about":[{"href":"https:\/\/www.scouts-cugnaux.org\/index.php?rest_route=\/wp\/v2\/types\/page"}],"author":[{"embeddable":true,"href":"https:\/\/www.scouts-cugnaux.org\/index.php?rest_route=\/wp\/v2\/users\/1"}],"replies":[{"embeddable":true,"href":"https:\/\/www.scouts-cugnaux.org\/index.php?rest_route=%2Fwp%2Fv2%2Fcomments&post=175"}],"version-history":[{"count":11,"href":"https:\/\/www.scouts-cugnaux.org\/index.php?rest_route=\/wp\/v2\/pages\/175\/revisions"}],"predecessor-version":[{"id":405,"href":"https:\/\/www.scouts-cugnaux.org\/index.php?rest_route=\/wp\/v2\/pages\/175\/revisions\/405"}],"wp:attachment":[{"href":"https:\/\/www.scouts-cugnaux.org\/index.php?rest_route=%2Fwp%2Fv2%2Fmedia&parent=175"}],"curies":[{"name":"wp","href":"https:\/\/api.w.org\/{rel}","templated":true}]}}