{"id":20,"date":"2012-01-11T21:01:49","date_gmt":"2012-01-11T20:01:49","guid":{"rendered":"https:\/\/www.scouts-cugnaux.org\/?page_id=20"},"modified":"2013-11-18T21:55:39","modified_gmt":"2013-11-18T20:55:39","slug":"8-11-ans-louveteaux","status":"publish","type":"page","link":"https:\/\/www.scouts-cugnaux.org\/?page_id=20","title":{"rendered":"8-11 ans : les Louveteaux\/Jeannettes"},"content":{"rendered":"<p style=\"text-align: justify;\">Chez les <strong><span style=\"color: #ff6600;\">louveteaux et les jeannettes<\/span><\/strong>, on vit le jeu grandeur nature ! Ag\u00e9s de 8 \u00e0 11 ans, les enfants vivent de grandes histoires imaginaires \u00e0 travers jeux, activit\u00e9s manuelles, week-ends et camps.<br \/>\nLes Scouts et Guides de France mobilisent les enfants de 8 \u00e0 11 ans autour du jeu, d\u2019exp\u00e9riences multiples dans un univers peupl\u00e9 de personnages imaginaires. Chacun de ces personnages est un compagnon de jeu dot\u00e9 de qualit\u00e9s particuli\u00e8res que l\u2019enfant d\u00e9veloppe \u00e0 ses c\u00f4t\u00e9s.<br \/>\nLes Louveteaux et Jeannettes sont encadr\u00e9s par des jeunes animateurs b\u00e9n\u00e9voles de 18 \u00e0 25 ans qui suivent (ou ont) une formation BAFA. On les appelles les \u00ab\u00a0Chefs et Cheftaines\u00a0\u00bb.<\/p>\n<p style=\"text-align: justify;\"><span style=\"color: #ff6600;\"><strong>Quand ?<\/strong> <\/span><br \/>\nEn fonction de la disponibilit\u00e9 des chefs et cheftaines, le calendrier est \u00e9tabli, environ une apr\u00e8s-midi toutes les deux semaines et un WE par trimestre.<\/p>\n<p style=\"text-align: justify;\"><span style=\"color: #ff6600;\"><strong>Comment?<\/strong> <\/span><\/p>\n<p style=\"text-align: justify;\">A travers un th\u00e8me qu\u2019ils choisissent ensemble, les enfants vivent des grands jeux, des activit\u00e9s manuelles et de d\u00e9couverte, des veill\u00e9es, des camps&#8230;<\/p>\n<p style=\"text-align: justify;\">\n<p style=\"text-align: justify;\"><span style=\"color: #ff6600;\"><strong>Et plus particuli\u00e8rement dans notre groupe ?<\/strong><\/span><\/p>\n<p style=\"text-align: justify;\">Suivre l&rsquo;actualit\u00e9 des Louveteaux\/Jeannettes du groupe de Cugnaux\/Villeneuve\/Frouzins !<\/p>\n<p style=\"text-align: justify;\">\n<p style=\"text-align: justify;\"><strong><span style=\"color: #ff6600;\">Envie de d\u00e9couvrir les louveteaux\/Jeannettes du groupe de Cugnaux\/Villeneuve\/Frouzins ?<\/span> <\/strong><\/p>\n<p style=\"text-align: justify;\">Il est possible de d\u00e9couvrir gratuitement le temps d&rsquo;une demi-journ\u00e9e ou d&rsquo;un WE \u00e0 quoi ressemble les Louveteaux\/Jeannettes. Alors, si l&rsquo;aventure vous tente, <a title=\"Nous contacter\" href=\"https:\/\/www.scouts-cugnaux.org\/?page_id=47\">contactez-nous<\/a> !<\/p>\n","protected":false},"excerpt":{"rendered":"<p>Chez les louveteaux et les jeannettes, on vit le jeu grandeur nature ! Ag\u00e9s de 8 \u00e0 11 ans, les enfants vivent de grandes histoires imaginaires \u00e0 travers jeux, activit\u00e9s manuelles, week-ends et camps. Les Scouts et Guides de France mobilisent les enfants de 8 \u00e0 11 ans autour du jeu, d\u2019exp\u00e9riences multiples dans un [&hellip;]<\/p>\n","protected":false},"author":1,"featured_media":0,"parent":175,"menu_order":2,"comment_status":"open","ping_status":"closed","template":"","meta":{"ngg_post_thumbnail":0},"_links":{"self":[{"href":"https:\/\/www.scouts-cugnaux.org\/index.php?rest_route=\/wp\/v2\/pages\/20"}],"collection":[{"href":"https:\/\/www.scouts-cugnaux.org\/index.php?rest_route=\/wp\/v2\/pages"}],"about":[{"href":"https:\/\/www.scouts-cugnaux.org\/index.php?rest_route=\/wp\/v2\/types\/page"}],"author":[{"embeddable":true,"href":"https:\/\/www.scouts-cugnaux.org\/index.php?rest_route=\/wp\/v2\/users\/1"}],"replies":[{"embeddable":true,"href":"https:\/\/www.scouts-cugnaux.org\/index.php?rest_route=%2Fwp%2Fv2%2Fcomments&post=20"}],"version-history":[{"count":10,"href":"https:\/\/www.scouts-cugnaux.org\/index.php?rest_route=\/wp\/v2\/pages\/20\/revisions"}],"predecessor-version":[{"id":380,"href":"https:\/\/www.scouts-cugnaux.org\/index.php?rest_route=\/wp\/v2\/pages\/20\/revisions\/380"}],"up":[{"embeddable":true,"href":"https:\/\/www.scouts-cugnaux.org\/index.php?rest_route=\/wp\/v2\/pages\/175"}],"wp:attachment":[{"href":"https:\/\/www.scouts-cugnaux.org\/index.php?rest_route=%2Fwp%2Fv2%2Fmedia&parent=20"}],"curies":[{"name":"wp","href":"https:\/\/api.w.org\/{rel}","templated":true}]}}